{"id":110,"date":"2023-07-15T20:16:27","date_gmt":"2023-07-15T20:16:27","guid":{"rendered":"https:\/\/publijosma.subiendoweb.es\/?page_id=110"},"modified":"2026-03-24T15:59:35","modified_gmt":"2026-03-24T15:59:35","slug":"contacto","status":"publish","type":"page","link":"https:\/\/vallaseconomicas.es\/?page_id=110","title":{"rendered":"CONTACTO"},"content":{"rendered":"\t\t<div data-elementor-type=\"wp-page\" data-elementor-id=\"110\" class=\"elementor elementor-110\" data-elementor-post-type=\"page\">\n\t\t\t\t<div class=\"elementor-element elementor-element-22e9c84 e-con-full e-flex e-con e-parent\" data-id=\"22e9c84\" data-element_type=\"container\" data-e-type=\"container\" data-settings=\"{&quot;background_background&quot;:&quot;gradient&quot;}\">\n\t\t\t\t<div class=\"elementor-element elementor-element-3971aa5f elementor-widget__width-inherit elementor-widget elementor-widget-image\" data-id=\"3971aa5f\" data-element_type=\"widget\" data-e-type=\"widget\" data-widget_type=\"image.default\">\n\t\t\t\t<div class=\"elementor-widget-container\">\n\t\t\t\t\t\t\t\t\t\t\t\t\t\t\t<img loading=\"lazy\" decoding=\"async\" width=\"1600\" height=\"397\" src=\"https:\/\/vallaseconomicas.es\/wp-content\/uploads\/2026\/03\/bannercontacto.webp\" class=\"attachment-full size-full wp-image-9317\" alt=\"bannercontacto\" srcset=\"https:\/\/vallaseconomicas.es\/wp-content\/uploads\/2026\/03\/bannercontacto.webp 1600w, https:\/\/vallaseconomicas.es\/wp-content\/uploads\/2026\/03\/bannercontacto-300x74.webp 300w, https:\/\/vallaseconomicas.es\/wp-content\/uploads\/2026\/03\/bannercontacto-1024x254.webp 1024w, https:\/\/vallaseconomicas.es\/wp-content\/uploads\/2026\/03\/bannercontacto-768x191.webp 768w, https:\/\/vallaseconomicas.es\/wp-content\/uploads\/2026\/03\/bannercontacto-1536x381.webp 1536w\" sizes=\"auto, (max-width: 1600px) 100vw, 1600px\" \/>\t\t\t\t\t\t\t\t\t\t\t\t\t\t\t<\/div>\n\t\t\t\t<\/div>\n\t\t\t\t<\/div>\n\t\t<div class=\"elementor-element elementor-element-212cc42 e-con-full e-flex e-con e-parent\" data-id=\"212cc42\" data-element_type=\"container\" data-e-type=\"container\" data-settings=\"{&quot;background_background&quot;:&quot;classic&quot;}\">\n\t\t\t\t<div class=\"elementor-element elementor-element-dc2f7d2 elementor-widget__width-inherit elementor-widget elementor-widget-image\" data-id=\"dc2f7d2\" data-element_type=\"widget\" data-e-type=\"widget\" data-widget_type=\"image.default\">\n\t\t\t\t<div class=\"elementor-widget-container\">\n\t\t\t\t\t\t\t\t\t\t\t\t\t\t\t<img loading=\"lazy\" decoding=\"async\" width=\"768\" height=\"192\" src=\"https:\/\/vallaseconomicas.es\/wp-content\/uploads\/2026\/03\/horariosDIRECCION-768x192.webp\" class=\"attachment-medium_large size-medium_large wp-image-9351\" alt=\"HORARIOS Y DRECCI\u00d3N\" srcset=\"https:\/\/vallaseconomicas.es\/wp-content\/uploads\/2026\/03\/horariosDIRECCION-768x192.webp 768w, https:\/\/vallaseconomicas.es\/wp-content\/uploads\/2026\/03\/horariosDIRECCION-300x75.webp 300w, https:\/\/vallaseconomicas.es\/wp-content\/uploads\/2026\/03\/horariosDIRECCION.webp 1024w\" sizes=\"auto, (max-width: 768px) 100vw, 768px\" \/>\t\t\t\t\t\t\t\t\t\t\t\t\t\t\t<\/div>\n\t\t\t\t<\/div>\n\t\t\t\t<\/div>\n\t\t\t\t<section class=\"elementor-section elementor-top-section elementor-element elementor-element-33f60bc elementor-section-boxed elementor-section-height-default elementor-section-height-default\" data-id=\"33f60bc\" data-element_type=\"section\" data-e-type=\"section\">\n\t\t\t\t\t\t<div class=\"elementor-container elementor-column-gap-default\">\n\t\t\t\t\t<div class=\"elementor-column elementor-col-100 elementor-top-column elementor-element elementor-element-5aa6afd\" data-id=\"5aa6afd\" data-element_type=\"column\" data-e-type=\"column\">\n\t\t\t<div class=\"elementor-widget-wrap elementor-element-populated\">\n\t\t\t\t\t\t<div class=\"elementor-element elementor-element-0d6ea63 elementor-widget-divider--view-line_icon elementor-view-default elementor-widget-divider--element-align-center elementor-widget elementor-widget-divider\" data-id=\"0d6ea63\" data-element_type=\"widget\" data-e-type=\"widget\" data-widget_type=\"divider.default\">\n\t\t\t\t<div class=\"elementor-widget-container\">\n\t\t\t\t\t\t\t<div class=\"elementor-divider\">\n\t\t\t<span class=\"elementor-divider-separator\">\n\t\t\t\t\t\t\t<div class=\"elementor-icon elementor-divider__element\">\n\t\t\t\t\t<i aria-hidden=\"true\" class=\"fab fa-wpforms\"><\/i><\/div>\n\t\t\t\t\t\t<\/span>\n\t\t<\/div>\n\t\t\t\t\t\t<\/div>\n\t\t\t\t<\/div>\n\t\t\t\t\t<\/div>\n\t\t<\/div>\n\t\t\t\t\t<\/div>\n\t\t<\/section>\n\t\t\t\t<section class=\"elementor-section elementor-top-section elementor-element elementor-element-98cac2e elementor-section-boxed elementor-section-height-default elementor-section-height-default\" data-id=\"98cac2e\" data-element_type=\"section\" data-e-type=\"section\">\n\t\t\t\t\t\t<div class=\"elementor-container elementor-column-gap-default\">\n\t\t\t\t\t<div class=\"elementor-column elementor-col-100 elementor-top-column elementor-element elementor-element-89d9f6d\" data-id=\"89d9f6d\" data-element_type=\"column\" data-e-type=\"column\">\n\t\t\t<div class=\"elementor-widget-wrap elementor-element-populated\">\n\t\t\t\t\t\t\t<\/div>\n\t\t<\/div>\n\t\t\t\t\t<\/div>\n\t\t<\/section>\n\t\t\t\t<section class=\"elementor-section elementor-top-section elementor-element elementor-element-4b2f14f elementor-section-boxed elementor-section-height-default elementor-section-height-default\" data-id=\"4b2f14f\" data-element_type=\"section\" data-e-type=\"section\">\n\t\t\t\t\t\t<div class=\"elementor-container elementor-column-gap-default\">\n\t\t\t\t\t<div class=\"elementor-column elementor-col-100 elementor-top-column elementor-element elementor-element-650995a\" data-id=\"650995a\" data-element_type=\"column\" data-e-type=\"column\">\n\t\t\t<div class=\"elementor-widget-wrap elementor-element-populated\">\n\t\t\t\t\t\t<div class=\"elementor-element elementor-element-b3e1631 elementor-widget__width-initial elementor-widget elementor-widget-google_maps\" data-id=\"b3e1631\" data-element_type=\"widget\" data-e-type=\"widget\" data-widget_type=\"google_maps.default\">\n\t\t\t\t<div class=\"elementor-widget-container\">\n\t\t\t\t\t\t\t<div class=\"elementor-custom-embed\">\n\t\t\t<iframe loading=\"lazy\"\n\t\t\t\t\tsrc=\"https:\/\/maps.google.com\/maps?q=C%2F%20Carlos%20Arniches%2C%2019%20%2003158%20Catral&#038;t=m&#038;z=10&#038;output=embed&#038;iwloc=near\"\n\t\t\t\t\ttitle=\"C\/ Carlos Arniches, 19  03158 Catral\"\n\t\t\t\t\taria-label=\"C\/ Carlos Arniches, 19  03158 Catral\"\n\t\t\t><\/iframe>\n\t\t<\/div>\n\t\t\t\t\t\t<\/div>\n\t\t\t\t<\/div>\n\t\t\t\t\t<\/div>\n\t\t<\/div>\n\t\t\t\t\t<\/div>\n\t\t<\/section>\n\t\t\t\t<section class=\"elementor-section elementor-top-section elementor-element elementor-element-1379c882 elementor-section-boxed elementor-section-height-default elementor-section-height-default\" data-id=\"1379c882\" data-element_type=\"section\" data-e-type=\"section\">\n\t\t\t\t\t\t<div class=\"elementor-container elementor-column-gap-default\">\n\t\t\t\t\t<div class=\"elementor-column elementor-col-50 elementor-top-column elementor-element elementor-element-6e243222\" data-id=\"6e243222\" data-element_type=\"column\" data-e-type=\"column\">\n\t\t\t<div class=\"elementor-widget-wrap elementor-element-populated\">\n\t\t\t\t\t\t<div class=\"elementor-element elementor-element-3b137e08 elementor-widget elementor-widget-image\" data-id=\"3b137e08\" data-element_type=\"widget\" data-e-type=\"widget\" data-widget_type=\"image.default\">\n\t\t\t\t<div class=\"elementor-widget-container\">\n\t\t\t\t\t\t\t\t\t\t\t\t\t\t\t\t<a href=\"https:\/\/tienda.publijosma.es\/es\/\" target=\"_blank\">\n\t\t\t\t\t\t\t<img loading=\"lazy\" decoding=\"async\" width=\"300\" height=\"99\" src=\"https:\/\/vallaseconomicas.es\/wp-content\/uploads\/2023\/07\/sellosp-300x99.gif\" class=\"elementor-animation-float attachment-medium size-medium wp-image-3656\" alt=\"Publijosma sellos\" \/>\t\t\t\t\t\t\t\t<\/a>\n\t\t\t\t\t\t\t\t\t\t\t\t\t\t\t<\/div>\n\t\t\t\t<\/div>\n\t\t\t\t\t<\/div>\n\t\t<\/div>\n\t\t<a class=\"eael-wrapper-link-5c0b08fe --eael-wrapper-link-tag\" href=\"https:\/\/publijosma.es\/es\/\" target=\"_blank\"><\/a>\t\t<div data-eael-wrapper-link=\"eael-wrapper-link-5c0b08fe\" class=\"elementor-column elementor-col-50 elementor-top-column elementor-element elementor-element-5c0b08fe\" data-id=\"5c0b08fe\" data-element_type=\"column\" data-e-type=\"column\">\n\t\t\t<div class=\"elementor-widget-wrap elementor-element-populated\">\n\t\t\t\t\t\t<div class=\"elementor-element elementor-element-e524be6 elementor-widget elementor-widget-image\" data-id=\"e524be6\" data-element_type=\"widget\" data-e-type=\"widget\" data-widget_type=\"image.default\">\n\t\t\t\t<div class=\"elementor-widget-container\">\n\t\t\t\t\t\t\t\t\t\t\t\t\t\t\t\t<a href=\"https:\/\/publijosma.es\/\" target=\"_blank\">\n\t\t\t\t\t\t\t<img loading=\"lazy\" decoding=\"async\" width=\"300\" height=\"99\" src=\"https:\/\/vallaseconomicas.es\/wp-content\/uploads\/2023\/07\/rotulospublici-300x99.gif\" class=\"elementor-animation-float attachment-medium size-medium wp-image-3655\" alt=\"R\u00f3tulos Publijosma\" \/>\t\t\t\t\t\t\t\t<\/a>\n\t\t\t\t\t\t\t\t\t\t\t\t\t\t\t<\/div>\n\t\t\t\t<\/div>\n\t\t\t\t\t<\/div>\n\t\t<\/div>\n\t\t\t\t\t<\/div>\n\t\t<\/section>\n\t\t\t\t<\/div>\n\t\t","protected":false},"excerpt":{"rendered":"<p>Estamos aqu\u00ed para ayudarle Contacto Responderemos en menos de 24 horas. Nombre Correo electr\u00f3nico Asunto Mensaje Sus datos est\u00e1n protegidos conforme al RGPD<\/p>\n","protected":false},"author":1,"featured_media":0,"parent":0,"menu_order":5,"comment_status":"closed","ping_status":"closed","template":"","meta":{"_eb_attr":"","_uag_custom_page_level_css":"","site-sidebar-layout":"no-sidebar","site-content-layout":"page-builder","ast-site-content-layout":"default","site-content-style":"default","site-sidebar-style":"default","ast-global-header-display":"","ast-banner-title-visibility":"","ast-main-header-display":"","ast-hfb-above-header-display":"","ast-hfb-below-header-display":"","ast-hfb-mobile-header-display":"","site-post-title":"disabled","ast-breadcrumbs-content":"","ast-featured-img":"disabled","footer-sml-layout":"","theme-transparent-header-meta":"","adv-header-id-meta":"","stick-header-meta":"","header-above-stick-meta":"","header-main-stick-meta":"","header-below-stick-meta":"","astra-migrate-meta-layouts":"default","ast-page-background-enabled":"default","ast-page-background-meta":{"desktop":{"background-color":"var(--ast-global-color-4)","background-image":"","background-repeat":"repeat","background-position":"center center","background-size":"auto","background-attachment":"scroll","background-type":"","background-media":"","overlay-type":"","overlay-color":"","overlay-opacity":"","overlay-gradient":""},"tablet":{"background-color":"","background-image":"","background-repeat":"repeat","background-position":"center center","background-size":"auto","background-attachment":"scroll","background-type":"","background-media":"","overlay-type":"","overlay-color":"","overlay-opacity":"","overlay-gradient":""},"mobile":{"background-color":"","background-image":"","background-repeat":"repeat","background-position":"center center","background-size":"auto","background-attachment":"scroll","background-type":"","background-media":"","overlay-type":"","overlay-color":"","overlay-opacity":"","overlay-gradient":""}},"ast-content-background-meta":{"desktop":{"background-color":"var(--ast-global-color-5)","background-image":"","background-repeat":"repeat","background-position":"center center","background-size":"auto","background-attachment":"scroll","background-type":"","background-media":"","overlay-type":"","overlay-color":"","overlay-opacity":"","overlay-gradient":""},"tablet":{"background-color":"var(--ast-global-color-5)","background-image":"","background-repeat":"repeat","background-position":"center center","background-size":"auto","background-attachment":"scroll","background-type":"","background-media":"","overlay-type":"","overlay-color":"","overlay-opacity":"","overlay-gradient":""},"mobile":{"background-color":"var(--ast-global-color-5)","background-image":"","background-repeat":"repeat","background-position":"center center","background-size":"auto","background-attachment":"scroll","background-type":"","background-media":"","overlay-type":"","overlay-color":"","overlay-opacity":"","overlay-gradient":""}},"footnotes":""},"class_list":["post-110","page","type-page","status-publish","hentry"],"yoast_head":"<!-- This site is optimized with the Yoast SEO plugin v26.9 - https:\/\/yoast.com\/product\/yoast-seo-wordpress\/ -->\n<title>CONTACTO - Vallas Econ\u00f3micas<\/title>\n<meta name=\"robots\" content=\"index, follow, max-snippet:-1, max-image-preview:large, max-video-preview:-1\" \/>\n<link rel=\"canonical\" href=\"https:\/\/vallaseconomicas.es\/?page_id=110\" \/>\n<meta property=\"og:locale\" content=\"es_ES\" \/>\n<meta property=\"og:type\" content=\"article\" \/>\n<meta property=\"og:title\" content=\"CONTACTO - Vallas Econ\u00f3micas\" \/>\n<meta property=\"og:description\" content=\"Estamos aqu\u00ed para ayudarle Contacto Responderemos en menos de 24 horas. Nombre Correo electr\u00f3nico Asunto Mensaje Sus datos est\u00e1n protegidos conforme al RGPD\" \/>\n<meta property=\"og:url\" content=\"https:\/\/vallaseconomicas.es\/?page_id=110\" \/>\n<meta property=\"og:site_name\" content=\"Vallas Econ\u00f3micas\" \/>\n<meta property=\"article:modified_time\" content=\"2026-03-24T15:59:35+00:00\" \/>\n<meta property=\"og:image\" content=\"https:\/\/publijosma.subiendoweb.es\/wp-content\/uploads\/2026\/03\/bannercontacto.webp\" \/>\n<meta name=\"twitter:card\" content=\"summary_large_image\" \/>\n<meta name=\"twitter:label1\" content=\"Tiempo de lectura\" \/>\n\t<meta name=\"twitter:data1\" content=\"1 minuto\" \/>\n<script type=\"application\/ld+json\" class=\"yoast-schema-graph\">{\"@context\":\"https:\/\/schema.org\",\"@graph\":[{\"@type\":\"WebPage\",\"@id\":\"https:\/\/vallaseconomicas.es\/?page_id=110\",\"url\":\"https:\/\/vallaseconomicas.es\/?page_id=110\",\"name\":\"CONTACTO - Vallas Econ\u00f3micas\",\"isPartOf\":{\"@id\":\"https:\/\/vallaseconomicas.es\/#website\"},\"primaryImageOfPage\":{\"@id\":\"https:\/\/vallaseconomicas.es\/?page_id=110#primaryimage\"},\"image\":{\"@id\":\"https:\/\/vallaseconomicas.es\/?page_id=110#primaryimage\"},\"thumbnailUrl\":\"https:\/\/publijosma.subiendoweb.es\/wp-content\/uploads\/2026\/03\/bannercontacto.webp\",\"datePublished\":\"2023-07-15T20:16:27+00:00\",\"dateModified\":\"2026-03-24T15:59:35+00:00\",\"breadcrumb\":{\"@id\":\"https:\/\/vallaseconomicas.es\/?page_id=110#breadcrumb\"},\"inLanguage\":\"es\",\"potentialAction\":[{\"@type\":\"ReadAction\",\"target\":[\"https:\/\/vallaseconomicas.es\/?page_id=110\"]}]},{\"@type\":\"ImageObject\",\"inLanguage\":\"es\",\"@id\":\"https:\/\/vallaseconomicas.es\/?page_id=110#primaryimage\",\"url\":\"https:\/\/publijosma.subiendoweb.es\/wp-content\/uploads\/2026\/03\/bannercontacto.webp\",\"contentUrl\":\"https:\/\/publijosma.subiendoweb.es\/wp-content\/uploads\/2026\/03\/bannercontacto.webp\"},{\"@type\":\"BreadcrumbList\",\"@id\":\"https:\/\/vallaseconomicas.es\/?page_id=110#breadcrumb\",\"itemListElement\":[{\"@type\":\"ListItem\",\"position\":1,\"name\":\"Portada\",\"item\":\"https:\/\/vallaseconomicas.es\/\"},{\"@type\":\"ListItem\",\"position\":2,\"name\":\"CONTACTO\"}]},{\"@type\":\"WebSite\",\"@id\":\"https:\/\/vallaseconomicas.es\/#website\",\"url\":\"https:\/\/vallaseconomicas.es\/\",\"name\":\"Vallas Econ\u00f3micas\",\"description\":\"VALLAS DE PVC ALTA CALIDAD\",\"publisher\":{\"@id\":\"https:\/\/vallaseconomicas.es\/#organization\"},\"potentialAction\":[{\"@type\":\"SearchAction\",\"target\":{\"@type\":\"EntryPoint\",\"urlTemplate\":\"https:\/\/vallaseconomicas.es\/?s={search_term_string}\"},\"query-input\":{\"@type\":\"PropertyValueSpecification\",\"valueRequired\":true,\"valueName\":\"search_term_string\"}}],\"inLanguage\":\"es\"},{\"@type\":\"Organization\",\"@id\":\"https:\/\/vallaseconomicas.es\/#organization\",\"name\":\"Vallas Econ\u00f3micas\",\"url\":\"https:\/\/vallaseconomicas.es\/\",\"logo\":{\"@type\":\"ImageObject\",\"inLanguage\":\"es\",\"@id\":\"https:\/\/vallaseconomicas.es\/#\/schema\/logo\/image\/\",\"url\":\"https:\/\/vallaseconomicas.es\/wp-content\/uploads\/2026\/02\/cropped-banner-vallas-economicas-inicio-1-1.png\",\"contentUrl\":\"https:\/\/vallaseconomicas.es\/wp-content\/uploads\/2026\/02\/cropped-banner-vallas-economicas-inicio-1-1.png\",\"width\":562,\"height\":188,\"caption\":\"Vallas Econ\u00f3micas\"},\"image\":{\"@id\":\"https:\/\/vallaseconomicas.es\/#\/schema\/logo\/image\/\"}}]}<\/script>\n<!-- \/ Yoast SEO plugin. -->","yoast_head_json":{"title":"CONTACTO - Vallas Econ\u00f3micas","robots":{"index":"index","follow":"follow","max-snippet":"max-snippet:-1","max-image-preview":"max-image-preview:large","max-video-preview":"max-video-preview:-1"},"canonical":"https:\/\/vallaseconomicas.es\/?page_id=110","og_locale":"es_ES","og_type":"article","og_title":"CONTACTO - Vallas Econ\u00f3micas","og_description":"Estamos aqu\u00ed para ayudarle Contacto Responderemos en menos de 24 horas. Nombre Correo electr\u00f3nico Asunto Mensaje Sus datos est\u00e1n protegidos conforme al RGPD","og_url":"https:\/\/vallaseconomicas.es\/?page_id=110","og_site_name":"Vallas Econ\u00f3micas","article_modified_time":"2026-03-24T15:59:35+00:00","og_image":[{"url":"https:\/\/publijosma.subiendoweb.es\/wp-content\/uploads\/2026\/03\/bannercontacto.webp","type":"","width":"","height":""}],"twitter_card":"summary_large_image","twitter_misc":{"Tiempo de lectura":"1 minuto"},"schema":{"@context":"https:\/\/schema.org","@graph":[{"@type":"WebPage","@id":"https:\/\/vallaseconomicas.es\/?page_id=110","url":"https:\/\/vallaseconomicas.es\/?page_id=110","name":"CONTACTO - Vallas Econ\u00f3micas","isPartOf":{"@id":"https:\/\/vallaseconomicas.es\/#website"},"primaryImageOfPage":{"@id":"https:\/\/vallaseconomicas.es\/?page_id=110#primaryimage"},"image":{"@id":"https:\/\/vallaseconomicas.es\/?page_id=110#primaryimage"},"thumbnailUrl":"https:\/\/publijosma.subiendoweb.es\/wp-content\/uploads\/2026\/03\/bannercontacto.webp","datePublished":"2023-07-15T20:16:27+00:00","dateModified":"2026-03-24T15:59:35+00:00","breadcrumb":{"@id":"https:\/\/vallaseconomicas.es\/?page_id=110#breadcrumb"},"inLanguage":"es","potentialAction":[{"@type":"ReadAction","target":["https:\/\/vallaseconomicas.es\/?page_id=110"]}]},{"@type":"ImageObject","inLanguage":"es","@id":"https:\/\/vallaseconomicas.es\/?page_id=110#primaryimage","url":"https:\/\/publijosma.subiendoweb.es\/wp-content\/uploads\/2026\/03\/bannercontacto.webp","contentUrl":"https:\/\/publijosma.subiendoweb.es\/wp-content\/uploads\/2026\/03\/bannercontacto.webp"},{"@type":"BreadcrumbList","@id":"https:\/\/vallaseconomicas.es\/?page_id=110#breadcrumb","itemListElement":[{"@type":"ListItem","position":1,"name":"Portada","item":"https:\/\/vallaseconomicas.es\/"},{"@type":"ListItem","position":2,"name":"CONTACTO"}]},{"@type":"WebSite","@id":"https:\/\/vallaseconomicas.es\/#website","url":"https:\/\/vallaseconomicas.es\/","name":"Vallas Econ\u00f3micas","description":"VALLAS DE PVC ALTA CALIDAD","publisher":{"@id":"https:\/\/vallaseconomicas.es\/#organization"},"potentialAction":[{"@type":"SearchAction","target":{"@type":"EntryPoint","urlTemplate":"https:\/\/vallaseconomicas.es\/?s={search_term_string}"},"query-input":{"@type":"PropertyValueSpecification","valueRequired":true,"valueName":"search_term_string"}}],"inLanguage":"es"},{"@type":"Organization","@id":"https:\/\/vallaseconomicas.es\/#organization","name":"Vallas Econ\u00f3micas","url":"https:\/\/vallaseconomicas.es\/","logo":{"@type":"ImageObject","inLanguage":"es","@id":"https:\/\/vallaseconomicas.es\/#\/schema\/logo\/image\/","url":"https:\/\/vallaseconomicas.es\/wp-content\/uploads\/2026\/02\/cropped-banner-vallas-economicas-inicio-1-1.png","contentUrl":"https:\/\/vallaseconomicas.es\/wp-content\/uploads\/2026\/02\/cropped-banner-vallas-economicas-inicio-1-1.png","width":562,"height":188,"caption":"Vallas Econ\u00f3micas"},"image":{"@id":"https:\/\/vallaseconomicas.es\/#\/schema\/logo\/image\/"}}]}},"uagb_featured_image_src":{"full":false,"thumbnail":false,"medium":false,"medium_large":false,"large":false,"1536x1536":false,"2048x2048":false},"uagb_author_info":{"display_name":"entrepinosmar","author_link":"https:\/\/vallaseconomicas.es\/?author=1"},"uagb_comment_info":0,"uagb_excerpt":"Estamos aqu\u00ed para ayudarle Contacto Responderemos en menos de 24 horas. Nombre Correo electr\u00f3nico Asunto Mensaje Sus datos est\u00e1n protegidos conforme al RGPD","_links":{"self":[{"href":"https:\/\/vallaseconomicas.es\/index.php?rest_route=\/wp\/v2\/pages\/110","targetHints":{"allow":["GET"]}}],"collection":[{"href":"https:\/\/vallaseconomicas.es\/index.php?rest_route=\/wp\/v2\/pages"}],"about":[{"href":"https:\/\/vallaseconomicas.es\/index.php?rest_route=\/wp\/v2\/types\/page"}],"author":[{"embeddable":true,"href":"https:\/\/vallaseconomicas.es\/index.php?rest_route=\/wp\/v2\/users\/1"}],"replies":[{"embeddable":true,"href":"https:\/\/vallaseconomicas.es\/index.php?rest_route=%2Fwp%2Fv2%2Fcomments&post=110"}],"version-history":[{"count":0,"href":"https:\/\/vallaseconomicas.es\/index.php?rest_route=\/wp\/v2\/pages\/110\/revisions"}],"wp:attachment":[{"href":"https:\/\/vallaseconomicas.es\/index.php?rest_route=%2Fwp%2Fv2%2Fmedia&parent=110"}],"curies":[{"name":"wp","href":"https:\/\/api.w.org\/{rel}","templated":true}]}}